{"id":2205,"date":"2015-02-23T10:21:37","date_gmt":"2015-02-23T10:21:37","guid":{"rendered":"http:\/\/demo.themealien.com\/onehost\/?page_id=2205"},"modified":"2019-12-03T18:00:15","modified_gmt":"2019-12-03T20:00:15","slug":"homepage-slider-transparent","status":"publish","type":"page","link":"http:\/\/rmaq.com.br\/","title":{"rendered":"Home"},"content":{"rendered":"<p>[vc_row css_id=&#8221;section-home&#8221; full_content=&#8221;yes&#8221; el_class=&#8221;section-home&#8221;][vc_column][rev_slider_vc alias=&#8221;home&#8221;][\/vc_column][\/vc_row][vc_row css_id=&#8221;servicos&#8221; css=&#8221;.vc_custom_1518117808344{padding-top: 90px !important;padding-bottom: 90px !important;}&#8221;][vc_column]<div class=\"section-title clearfix wow fadeInLeft align-center  \" ><h2 >NOSSOS SERVI\u00c7OS<\/h2><\/div>[vc_row_inner][vc_column_inner width=&#8221;1\/2&#8243;]<div class=\"icon-box icon-left  wow fadeInLeft border-circle\"  ><i class=\"b-icon true fa fa fa-wrench\"><\/i><span class=\"box-title\">Manuten\u00e7\u00e3o de Computadores, notebooks e perif\u00e9ricos<\/span><div class=\"box-content\"><\/div><\/div><div class=\"icon-box icon-left  wow fadeInLeft border-circle\"  ><i class=\"b-icon true fa fa fa-save\"><\/i><span class=\"box-title\">Backup (local e em nuvem) e Recupera\u00e7\u00e3o de Arquivos<\/span><div class=\"box-content\"><\/div><\/div>[\/vc_column_inner][vc_column_inner width=&#8221;1\/2&#8243;]<div class=\"icon-box icon-left  wow fadeInRight border-circle\"  ><i class=\"b-icon true fa fa fa-unlink\"><\/i><span class=\"box-title\">Instala\u00e7\u00e3o, manuten\u00e7\u00e3o e repara\u00e7\u00e3o de Redes de Computadores<\/span><div class=\"box-content\"><\/div><\/div><div class=\"icon-box icon-left  wow fadeInRight border-circle\"  ><i class=\"b-icon true fa fa fa-dollar\"><\/i><span class=\"box-title\">Acessoria para Implanta\u00e7\u00e3o de Automa\u00e7\u00e3o Comercial<\/span><div class=\"box-content\"><\/div><\/div>[\/vc_column_inner][\/vc_row_inner][\/vc_column][\/vc_row][vc_row parallax=&#8221;yes&#8221; css_id=&#8221;section-why-choose-us&#8221; css=&#8221;.vc_custom_1518117251626{padding-top: 90px !important;padding-bottom: 90px !important;background-color: #222222 !important;}&#8221; el_class=&#8221;section-why-choose-us&#8221;][vc_column el_id=&#8221;diferenciais&#8221;]<div class=\"section-title clearfix wow fadeInLeft align-center  \" ><h2 >Diferenciais<\/h2><\/div>[vc_row_inner][vc_column_inner width=&#8221;1\/3&#8243;]<div class=\"icon-box icon-left  wow fadeInLeft\"  ><i class=\"b-icon  fa fa fa-check\"><\/i><span class=\"box-title\">Hardware de qualidade<\/span><div class=\"box-content\">Escolhemos os melhores fornecedores para evitar ao m\u00e1ximo problemas com pe\u00e7as<\/div><\/div>[\/vc_column_inner][vc_column_inner width=&#8221;1\/3&#8243;]<div class=\"icon-box icon-left  wow fadeInDown\"  ><i class=\"b-icon  fa fa fa-check\"><\/i><span class=\"box-title\">Suporte<\/span><div class=\"box-content\">Possu\u00edmos al\u00e9m do suporte f\u00edsico quando necess\u00e1rio, suporte remoto para agilizar todo o processo<\/div><\/div>[\/vc_column_inner][vc_column_inner width=&#8221;1\/3&#8243;]<div class=\"icon-box icon-left  wow fadeInRight\"  ><i class=\"b-icon  fa fa fa-check\"><\/i><span class=\"box-title\">Equipe preparada<\/span><div class=\"box-content\">Possu\u00edmos profissionais experientes e treinados para dar o melhor auxilio aos nossos clientes<\/div><\/div>[\/vc_column_inner][\/vc_row_inner][\/vc_column][\/vc_row][vc_row parallax=&#8221;yes&#8221; css_id=&#8221;sobrenos&#8221; css=&#8221;.vc_custom_1518117832921{padding-top: 90px !important;padding-bottom: 90px !important;background-image: url(http:\/\/teste.rmaq.com.br\/wp-content\/uploads\/2015\/02\/bg-blur-3.jpg?id=2011) !important;}&#8221;][vc_column]<div class=\"section-title clearfix wow fadeInLeft align-center  \" ><h2 >Sobre n\u00f3s<\/h2><\/div>[vc_row_inner][vc_column_inner][vc_column_text]<strong>A Rmaq Inform\u00e1tica \u00e9 uma empresa conceituada, que atua no mercado de Campinas e Regi\u00e3o desde 1998 oferecendo sempre o melhor servi\u00e7o com responsabilidade e dedica\u00e7\u00e3o. <\/strong><\/p>\n<p><strong>Prestando servi\u00e7os que v\u00e3o desde a manuten\u00e7\u00e3o e instala\u00e7\u00e3o de equipamentos para inform\u00e1tica at\u00e9 a automa\u00e7\u00e3o comercial e redes.<\/strong><\/p>\n<p><strong>Temos como objetivo manter e zelar pelos equipamentos afim de prolongar seu bom funcionamento junto ao cliente.<\/strong>[\/vc_column_text][\/vc_column_inner][\/vc_row_inner][\/vc_column][\/vc_row][vc_row parallax=&#8221;yes&#8221; css_id=&#8221;contato&#8221; css=&#8221;.vc_custom_1518117841272{padding-top: 90px !important;padding-bottom: 90px !important;}&#8221; el_class=&#8221;section-contact&#8221;][vc_column]<div class=\"section-title clearfix wow fadeInLeft align-center  \" ><h2 >Entre em contato<\/h2><\/div>[vc_row_inner][vc_column_inner width=&#8221;1\/2&#8243; animation=&#8221;fadeInRight&#8221;]<div class=\"icon-box icon-left icon-box-address\"  ><i class=\"b-icon  fa fa fa-phone\"><\/i><span class=\"box-title\"> (19) 3307-5868 - (19) 98144-3226<\/span><div class=\"box-content\"><\/div><\/div><div class=\"icon-box icon-left icon-box-address\"  ><i class=\"b-icon  fa fa fa-envelope-o\"><\/i><span class=\"box-title\">contato@rmaq.com.br<\/span><div class=\"box-content\"><\/div><\/div>[\/vc_column_inner][vc_column_inner width=&#8221;1\/2&#8243;]<div class=\"icon-box icon-left icon-box-address\"  ><i class=\"b-icon  fa fa fa-globe\"><\/i><a class=\"box-title\" href=\"http:\/\/www.rmaq.com.br\">www.rmaq.com.br<\/a><div class=\"box-content\"><\/div><\/div>[\/vc_column_inner][\/vc_row_inner][\/vc_column][\/vc_row]<\/p>\n","protected":false},"excerpt":{"rendered":"<p>[vc_row css_id=&#8221;section-home&#8221; full_content=&#8221;yes&#8221; el_class=&#8221;section-home&#8221;][vc_column][rev_slider_vc alias=&#8221;home&#8221;][\/vc_column][\/vc_row][vc_row css_id=&#8221;servicos&#8221; css=&#8221;.vc_custom_1518117808344{padding-top: 90px !important;padding-bottom: 90px !important;}&#8221;][vc_column][vc_row_inner][vc_column_inner width=&#8221;1\/2&#8243;][\/vc_column_inner][vc_column_inner width=&#8221;1\/2&#8243;][\/vc_column_inner][\/vc_row_inner][\/vc_column][\/vc_row][vc_row parallax=&#8221;yes&#8221; css_id=&#8221;section-why-choose-us&#8221; css=&#8221;.vc_custom_1518117251626{padding-top: 90px !important;padding-bottom: 90px !important;background-color: #222222 !important;}&#8221; el_class=&#8221;section-why-choose-us&#8221;][vc_column el_id=&#8221;diferenciais&#8221;][vc_row_inner][vc_column_inner width=&#8221;1\/3&#8243;][\/vc_column_inner][vc_column_inner width=&#8221;1\/3&#8243;][\/vc_column_inner][vc_column_inner width=&#8221;1\/3&#8243;][\/vc_column_inner][\/vc_row_inner][\/vc_column][\/vc_row][vc_row parallax=&#8221;yes&#8221; css_id=&#8221;sobrenos&#8221; css=&#8221;.vc_custom_1518117832921{padding-top: 90px !important;padding-bottom: 90px !important;background-image: url(http:\/\/teste.rmaq.com.br\/wp-content\/uploads\/2015\/02\/bg-blur-3.jpg?id=2011) !important;}&#8221;][vc_column][vc_row_inner][vc_column_inner][vc_column_text]A Rmaq Inform\u00e1tica \u00e9 uma empresa conceituada, que atua no mercado de Campinas e Regi\u00e3o desde 1998 oferecendo sempre o [&hellip;]<\/p>\n","protected":false},"author":1,"featured_media":0,"parent":0,"menu_order":0,"comment_status":"open","ping_status":"closed","template":"one-page.php","meta":{"footnotes":""},"class_list":["post-2205","page","type-page","status-publish","hentry"],"_links":{"self":[{"href":"http:\/\/rmaq.com.br\/index.php\/wp-json\/wp\/v2\/pages\/2205","targetHints":{"allow":["GET"]}}],"collection":[{"href":"http:\/\/rmaq.com.br\/index.php\/wp-json\/wp\/v2\/pages"}],"about":[{"href":"http:\/\/rmaq.com.br\/index.php\/wp-json\/wp\/v2\/types\/page"}],"author":[{"embeddable":true,"href":"http:\/\/rmaq.com.br\/index.php\/wp-json\/wp\/v2\/users\/1"}],"replies":[{"embeddable":true,"href":"http:\/\/rmaq.com.br\/index.php\/wp-json\/wp\/v2\/comments?post=2205"}],"version-history":[{"count":12,"href":"http:\/\/rmaq.com.br\/index.php\/wp-json\/wp\/v2\/pages\/2205\/revisions"}],"predecessor-version":[{"id":2370,"href":"http:\/\/rmaq.com.br\/index.php\/wp-json\/wp\/v2\/pages\/2205\/revisions\/2370"}],"wp:attachment":[{"href":"http:\/\/rmaq.com.br\/index.php\/wp-json\/wp\/v2\/media?parent=2205"}],"curies":[{"name":"wp","href":"https:\/\/api.w.org\/{rel}","templated":true}]}}